{"id":446,"date":"2024-03-28T22:26:43","date_gmt":"2024-03-28T22:26:43","guid":{"rendered":"https:\/\/www.gebaeudeanalyse-felder.ch\/?page_id=446"},"modified":"2026-02-03T12:18:06","modified_gmt":"2026-02-03T12:18:06","slug":"start","status":"publish","type":"page","link":"https:\/\/www.gebaeudeanalyse-felder.ch\/","title":{"rendered":"Geb\u00e4udeanalyse Martin Felder SIA"},"content":{"rendered":"<p><strong>Wir unterst\u00fctzen Sie in bauphysikalischen Aufgaben &#8211; Geb\u00e4udeanalyse Martin Felder SIA<\/strong><\/p>\n<p>Geb\u00e4udeanalyse Martin Felder SIA ist ein Planungsb\u00fcro im Bereich der Bauphysik, Energieplanung, Schadensanalyse und Messtechnik mit Standorten ins Z\u00fcrich und St. Gallen. Wir bearbeiten schweizweit Projekte zu bauphysikalischen und schadenstechnischen Fragestellungen, sowie im Bereich der Energieberatung und des L\u00e4rmschutzes. Im 2008 wurde das B\u00fcro im Rahmen von bauphysikalischen Messungen er\u00f6ffnet. Seitdem wurde der Aufgabenbereich stetig erweitert.<\/p>\n<p>Unser B\u00fcro verf\u00fcgt \u00fcber ein breites Kooperationen- Netzwerk in der Schweiz, wir arbeiten mit diversen Planungsb\u00fcros eng zusammen. Diese Zusammenarbeit hat sich seit nunmehr 20 Jahren bew\u00e4hrt.<\/p>\n<p>Abbildungen unten: Beispiele von Akustikkameramessungen<\/p>\n<figure><img fetchpriority=\"high\" decoding=\"async\" class=\"\" src=\"https:\/\/www.gebaeudeanalyse-felder.ch\/wp-content\/uploads\/2024\/04\/DSC_5557-700x467.jpg\" sizes=\"(max-width: 700px) 100vw, 700px\" srcset=\"https:\/\/www.gebaeudeanalyse-felder.ch\/wp-content\/uploads\/2024\/04\/DSC_5557-700x467.jpg 700w, https:\/\/www.gebaeudeanalyse-felder.ch\/wp-content\/uploads\/2024\/04\/DSC_5557-300x200.jpg 300w, https:\/\/www.gebaeudeanalyse-felder.ch\/wp-content\/uploads\/2024\/04\/DSC_5557-768x513.jpg 768w, https:\/\/www.gebaeudeanalyse-felder.ch\/wp-content\/uploads\/2024\/04\/DSC_5557-1536x1025.jpg 1536w, https:\/\/www.gebaeudeanalyse-felder.ch\/wp-content\/uploads\/2024\/04\/DSC_5557-2048x1367.jpg 2048w\" alt=\"\" width=\"456\" height=\"304\" \/> <img decoding=\"async\" class=\"\" src=\"https:\/\/www.gebaeudeanalyse-felder.ch\/wp-content\/uploads\/2024\/04\/Bild1.jpg\" sizes=\"(max-width: 644px) 100vw, 644px\" srcset=\"https:\/\/www.gebaeudeanalyse-felder.ch\/wp-content\/uploads\/2024\/04\/Bild1.jpg 644w, https:\/\/www.gebaeudeanalyse-felder.ch\/wp-content\/uploads\/2024\/04\/Bild1-300x186.jpg 300w\" alt=\"\" width=\"482\" height=\"298\" \/><figcaption>Akustikkamera grosses Array<\/figcaption><\/figure>\n<figure><figcaption>Farbdarstellung des St\u00f6rspektrums<\/figcaption><\/figure>\n<figure><\/figure>\n<p>&nbsp;<\/p>\n<p>ab dem Winter 2025\/26 bieten wir auch Drohnenthermografie an (Video 65MB).<\/p>\n<div style=\"width: 852px;\" class=\"wp-video\"><!--[if lt IE 9]><script>document.createElement('video');<\/script><![endif]-->\n<video class=\"wp-video-shortcode\" id=\"video-446-1\" width=\"852\" height=\"480\" preload=\"metadata\" controls=\"controls\"><source type=\"video\/mp4\" src=\"https:\/\/www.gebaeudeanalyse-felder.ch\/wp-content\/uploads\/2026\/02\/IR-Drohnenflug-480.mp4?_=1\" \/><a href=\"https:\/\/www.gebaeudeanalyse-felder.ch\/wp-content\/uploads\/2026\/02\/IR-Drohnenflug-480.mp4\">https:\/\/www.gebaeudeanalyse-felder.ch\/wp-content\/uploads\/2026\/02\/IR-Drohnenflug-480.mp4<\/a><\/video><\/div>\n<p>&nbsp;<\/p>\n","protected":false},"excerpt":{"rendered":"<p>Bauphysik, Messtechnik, Akustik, L\u00e4rmschutz, L\u00e4rmmessungen, Energieberatung<\/p>\n","protected":false},"author":1,"featured_media":0,"parent":0,"menu_order":0,"comment_status":"closed","ping_status":"closed","template":"","meta":{"advanced_seo_description":"","jetpack_seo_html_title":"","jetpack_seo_noindex":false,"ocean_post_layout":"","ocean_both_sidebars_style":"","ocean_both_sidebars_content_width":0,"ocean_both_sidebars_sidebars_width":0,"ocean_sidebar":"0","ocean_second_sidebar":"0","ocean_disable_margins":"enable","ocean_add_body_class":"","ocean_shortcode_before_top_bar":"","ocean_shortcode_after_top_bar":"","ocean_shortcode_before_header":"","ocean_shortcode_after_header":"","ocean_has_shortcode":"","ocean_shortcode_after_title":"","ocean_shortcode_before_footer_widgets":"","ocean_shortcode_after_footer_widgets":"","ocean_shortcode_before_footer_bottom":"","ocean_shortcode_after_footer_bottom":"","ocean_display_top_bar":"default","ocean_display_header":"default","ocean_header_style":"","ocean_center_header_left_menu":"0","ocean_custom_header_template":"0","ocean_custom_logo":466,"ocean_custom_retina_logo":0,"ocean_custom_logo_max_width":0,"ocean_custom_logo_tablet_max_width":0,"ocean_custom_logo_mobile_max_width":0,"ocean_custom_logo_max_height":0,"ocean_custom_logo_tablet_max_height":0,"ocean_custom_logo_mobile_max_height":0,"ocean_header_custom_menu":"0","ocean_menu_typo_font_family":"0","ocean_menu_typo_font_subset":"","ocean_menu_typo_font_size":0,"ocean_menu_typo_font_size_tablet":0,"ocean_menu_typo_font_size_mobile":0,"ocean_menu_typo_font_size_unit":"px","ocean_menu_typo_font_weight":"","ocean_menu_typo_font_weight_tablet":"","ocean_menu_typo_font_weight_mobile":"","ocean_menu_typo_transform":"","ocean_menu_typo_transform_tablet":"","ocean_menu_typo_transform_mobile":"","ocean_menu_typo_line_height":0,"ocean_menu_typo_line_height_tablet":0,"ocean_menu_typo_line_height_mobile":0,"ocean_menu_typo_line_height_unit":"","ocean_menu_typo_spacing":0,"ocean_menu_typo_spacing_tablet":0,"ocean_menu_typo_spacing_mobile":0,"ocean_menu_typo_spacing_unit":"","ocean_menu_link_color":"","ocean_menu_link_color_hover":"","ocean_menu_link_color_active":"","ocean_menu_link_background":"","ocean_menu_link_hover_background":"","ocean_menu_link_active_background":"","ocean_menu_social_links_bg":"","ocean_menu_social_hover_links_bg":"","ocean_menu_social_links_color":"","ocean_menu_social_hover_links_color":"","ocean_disable_title":"default","ocean_disable_heading":"default","ocean_post_title":"","ocean_post_subheading":"","ocean_post_title_style":"","ocean_post_title_background_color":"","ocean_post_title_background":0,"ocean_post_title_bg_image_position":"","ocean_post_title_bg_image_attachment":"","ocean_post_title_bg_image_repeat":"","ocean_post_title_bg_image_size":"","ocean_post_title_height":0,"ocean_post_title_bg_overlay":0.5,"ocean_post_title_bg_overlay_color":"","ocean_disable_breadcrumbs":"default","ocean_breadcrumbs_color":"","ocean_breadcrumbs_separator_color":"","ocean_breadcrumbs_links_color":"","ocean_breadcrumbs_links_hover_color":"","ocean_display_footer_widgets":"default","ocean_display_footer_bottom":"default","ocean_custom_footer_template":"0","footnotes":""},"class_list":["post-446","page","type-page","status-publish","hentry","entry"],"jetpack_sharing_enabled":true,"_links":{"self":[{"href":"https:\/\/www.gebaeudeanalyse-felder.ch\/index.php?rest_route=\/wp\/v2\/pages\/446","targetHints":{"allow":["GET"]}}],"collection":[{"href":"https:\/\/www.gebaeudeanalyse-felder.ch\/index.php?rest_route=\/wp\/v2\/pages"}],"about":[{"href":"https:\/\/www.gebaeudeanalyse-felder.ch\/index.php?rest_route=\/wp\/v2\/types\/page"}],"author":[{"embeddable":true,"href":"https:\/\/www.gebaeudeanalyse-felder.ch\/index.php?rest_route=\/wp\/v2\/users\/1"}],"replies":[{"embeddable":true,"href":"https:\/\/www.gebaeudeanalyse-felder.ch\/index.php?rest_route=%2Fwp%2Fv2%2Fcomments&post=446"}],"version-history":[{"count":55,"href":"https:\/\/www.gebaeudeanalyse-felder.ch\/index.php?rest_route=\/wp\/v2\/pages\/446\/revisions"}],"predecessor-version":[{"id":1108,"href":"https:\/\/www.gebaeudeanalyse-felder.ch\/index.php?rest_route=\/wp\/v2\/pages\/446\/revisions\/1108"}],"wp:attachment":[{"href":"https:\/\/www.gebaeudeanalyse-felder.ch\/index.php?rest_route=%2Fwp%2Fv2%2Fmedia&parent=446"}],"curies":[{"name":"wp","href":"https:\/\/api.w.org\/{rel}","templated":true}]}}