{"id":551,"date":"2024-03-29T20:31:44","date_gmt":"2024-03-29T20:31:44","guid":{"rendered":"https:\/\/www.gebaeudeanalyse-felder.ch\/?page_id=551"},"modified":"2024-11-03T18:26:53","modified_gmt":"2024-11-03T18:26:53","slug":"feuchtigkeit","status":"publish","type":"page","link":"https:\/\/www.gebaeudeanalyse-felder.ch\/?page_id=551","title":{"rendered":"Feuchtigkeit"},"content":{"rendered":"\t\t<div data-elementor-type=\"wp-page\" data-elementor-id=\"551\" class=\"elementor elementor-551\">\n\t\t\t\t<div class=\"elementor-element elementor-element-54cdfcd e-flex e-con-boxed e-con e-parent\" data-id=\"54cdfcd\" data-element_type=\"container\" data-e-type=\"container\">\n\t\t\t\t\t<div class=\"e-con-inner\">\n\t\t\t\t<div class=\"elementor-element elementor-element-f68f9ad elementor-widget elementor-widget-text-editor\" data-id=\"f68f9ad\" data-element_type=\"widget\" data-e-type=\"widget\" data-widget_type=\"text-editor.default\">\n\t\t\t\t<div class=\"elementor-widget-container\">\n\t\t\t\t\t\t\t\t\t<p>Feuchtigkeit im Hochbau ist ein weitl\u00e4ufiger Begriff. Feuchtigkeit kann entstehen, wenn:<\/p><ul><li>eine unzureichende Bauteildichtigkeit oder unzureichende Abdichtungsmassnahmen vorliegen (z.B. fehlendes Fensterband)<\/li><li>es im Geb\u00e4ude zur \u00dcbers\u00e4ttigung an oder im Bauteil kommt (z.B. falsches Nutzerverhalten, Sommerkondensation etc.)<\/li><li>Sch\u00e4den oder M\u00e4ngel zum Wasseraustritt oder Wassereintritt f\u00fchren (z.B. defekter Ablaufanschluss)<\/li><\/ul>\t\t\t\t\t\t\t\t<\/div>\n\t\t\t\t<\/div>\n\t\t\t\t\t<\/div>\n\t\t\t\t<\/div>\n\t\t<div class=\"elementor-element elementor-element-695e19a e-flex e-con-boxed e-con e-parent\" data-id=\"695e19a\" data-element_type=\"container\" data-e-type=\"container\">\n\t\t\t\t\t<div class=\"e-con-inner\">\n\t\t\t\t<div class=\"elementor-element elementor-element-6a6541e elementor-widget elementor-widget-text-editor\" data-id=\"6a6541e\" data-element_type=\"widget\" data-e-type=\"widget\" data-widget_type=\"text-editor.default\">\n\t\t\t\t<div class=\"elementor-widget-container\">\n\t\t\t\t\t\t\t\t\t<p>Es gibt verschiedene Arten, Feuchtigkeit messtechnisch zu erfassen:<\/p>\t\t\t\t\t\t\t\t<\/div>\n\t\t\t\t<\/div>\n\t\t\t\t\t<\/div>\n\t\t\t\t<\/div>\n\t\t<div class=\"elementor-element elementor-element-c57a4ec e-grid e-con-boxed e-con e-parent\" data-id=\"c57a4ec\" data-element_type=\"container\" data-e-type=\"container\">\n\t\t\t\t\t<div class=\"e-con-inner\">\n\t\t\t\t<div class=\"elementor-element elementor-element-711f364 elementor-widget elementor-widget-text-editor\" data-id=\"711f364\" data-element_type=\"widget\" data-e-type=\"widget\" data-widget_type=\"text-editor.default\">\n\t\t\t\t<div class=\"elementor-widget-container\">\n\t\t\t\t\t\t\t\t\t<p>Messsonden<\/p><p>mittels Mehrkanalmess-System k\u00f6nnen wir mehrere Sonden gleichzeitig und \u00fcber einen l\u00e4ngeren Zeitraum betreiben<\/p>\t\t\t\t\t\t\t\t<\/div>\n\t\t\t\t<\/div>\n\t\t\t\t<div class=\"elementor-element elementor-element-66ad999 elementor-widget elementor-widget-image\" data-id=\"66ad999\" data-element_type=\"widget\" data-e-type=\"widget\" data-widget_type=\"image.default\">\n\t\t\t\t<div class=\"elementor-widget-container\">\n\t\t\t\t\t\t\t\t\t\t\t\t\t\t\t<img decoding=\"async\" width=\"146\" height=\"300\" src=\"https:\/\/www.gebaeudeanalyse-felder.ch\/wp-content\/uploads\/2024\/11\/20211028_102238-146x300.jpg\" class=\"attachment-medium size-medium wp-image-1034\" alt=\"\" srcset=\"https:\/\/www.gebaeudeanalyse-felder.ch\/wp-content\/uploads\/2024\/11\/20211028_102238-146x300.jpg 146w, https:\/\/www.gebaeudeanalyse-felder.ch\/wp-content\/uploads\/2024\/11\/20211028_102238-700x1440.jpg 700w, https:\/\/www.gebaeudeanalyse-felder.ch\/wp-content\/uploads\/2024\/11\/20211028_102238-768x1580.jpg 768w, https:\/\/www.gebaeudeanalyse-felder.ch\/wp-content\/uploads\/2024\/11\/20211028_102238-747x1536.jpg 747w, https:\/\/www.gebaeudeanalyse-felder.ch\/wp-content\/uploads\/2024\/11\/20211028_102238-996x2048.jpg 996w, https:\/\/www.gebaeudeanalyse-felder.ch\/wp-content\/uploads\/2024\/11\/20211028_102238-scaled.jpg 1244w\" sizes=\"(max-width: 146px) 100vw, 146px\" \/>\t\t\t\t\t\t\t\t\t\t\t\t\t\t\t<\/div>\n\t\t\t\t<\/div>\n\t\t\t\t<div class=\"elementor-element elementor-element-283a4a1 elementor-widget elementor-widget-text-editor\" data-id=\"283a4a1\" data-element_type=\"widget\" data-e-type=\"widget\" data-widget_type=\"text-editor.default\">\n\t\t\t\t<div class=\"elementor-widget-container\">\n\t\t\t\t\t\t\t\t\t<p>Einstechmesssonde<\/p><p>Damit k\u00f6nnen vor Ort direkt Aussagen \u00fcber\u00a0 den Feuchtigkeitsgehalt gemacht werden.\u00a0<\/p><p>\u00a0<\/p>\t\t\t\t\t\t\t\t<\/div>\n\t\t\t\t<\/div>\n\t\t\t\t<div class=\"elementor-element elementor-element-71f82f9 elementor-widget elementor-widget-image\" data-id=\"71f82f9\" data-element_type=\"widget\" data-e-type=\"widget\" data-widget_type=\"image.default\">\n\t\t\t\t<div class=\"elementor-widget-container\">\n\t\t\t\t\t\t\t\t\t\t\t\t\t\t\t<img decoding=\"async\" width=\"146\" height=\"300\" src=\"https:\/\/www.gebaeudeanalyse-felder.ch\/wp-content\/uploads\/2024\/11\/20200914_120414-146x300.jpg\" class=\"attachment-medium size-medium wp-image-1036\" alt=\"\" srcset=\"https:\/\/www.gebaeudeanalyse-felder.ch\/wp-content\/uploads\/2024\/11\/20200914_120414-146x300.jpg 146w, https:\/\/www.gebaeudeanalyse-felder.ch\/wp-content\/uploads\/2024\/11\/20200914_120414-700x1440.jpg 700w, https:\/\/www.gebaeudeanalyse-felder.ch\/wp-content\/uploads\/2024\/11\/20200914_120414-768x1580.jpg 768w, https:\/\/www.gebaeudeanalyse-felder.ch\/wp-content\/uploads\/2024\/11\/20200914_120414-747x1536.jpg 747w, https:\/\/www.gebaeudeanalyse-felder.ch\/wp-content\/uploads\/2024\/11\/20200914_120414-996x2048.jpg 996w, https:\/\/www.gebaeudeanalyse-felder.ch\/wp-content\/uploads\/2024\/11\/20200914_120414-scaled.jpg 1244w\" sizes=\"(max-width: 146px) 100vw, 146px\" \/>\t\t\t\t\t\t\t\t\t\t\t\t\t\t\t<\/div>\n\t\t\t\t<\/div>\n\t\t\t\t<div class=\"elementor-element elementor-element-5a8a21a elementor-widget elementor-widget-text-editor\" data-id=\"5a8a21a\" data-element_type=\"widget\" data-e-type=\"widget\" data-widget_type=\"text-editor.default\">\n\t\t\t\t<div class=\"elementor-widget-container\">\n\t\t\t\t\t\t\t\t\t<p>Trocknungsverfahren<\/p><p>Diese Art der Feuchtigkeitsbestimmung ist aufw\u00e4ndig, da eine Probe entnommen werden muss, und die Probe gew\u00e4gt und getrocknet wird. Diese Art der Feuchtebestimmung wird auch Darr-Verfahren genannt.\u00a0<\/p>\t\t\t\t\t\t\t\t<\/div>\n\t\t\t\t<\/div>\n\t\t\t\t<div class=\"elementor-element elementor-element-5cceb2e elementor-widget elementor-widget-image\" data-id=\"5cceb2e\" data-element_type=\"widget\" data-e-type=\"widget\" data-widget_type=\"image.default\">\n\t\t\t\t<div class=\"elementor-widget-container\">\n\t\t\t\t\t\t\t\t\t\t\t\t\t\t\t<img decoding=\"async\" width=\"146\" height=\"300\" src=\"https:\/\/www.gebaeudeanalyse-felder.ch\/wp-content\/uploads\/2024\/11\/20200830_080035-146x300.jpg\" class=\"attachment-medium size-medium wp-image-1037\" alt=\"\" srcset=\"https:\/\/www.gebaeudeanalyse-felder.ch\/wp-content\/uploads\/2024\/11\/20200830_080035-146x300.jpg 146w, https:\/\/www.gebaeudeanalyse-felder.ch\/wp-content\/uploads\/2024\/11\/20200830_080035-700x1440.jpg 700w, https:\/\/www.gebaeudeanalyse-felder.ch\/wp-content\/uploads\/2024\/11\/20200830_080035-768x1580.jpg 768w, https:\/\/www.gebaeudeanalyse-felder.ch\/wp-content\/uploads\/2024\/11\/20200830_080035-747x1536.jpg 747w, https:\/\/www.gebaeudeanalyse-felder.ch\/wp-content\/uploads\/2024\/11\/20200830_080035-996x2048.jpg 996w, https:\/\/www.gebaeudeanalyse-felder.ch\/wp-content\/uploads\/2024\/11\/20200830_080035-scaled.jpg 1244w\" sizes=\"(max-width: 146px) 100vw, 146px\" \/>\t\t\t\t\t\t\t\t\t\t\t\t\t\t\t<\/div>\n\t\t\t\t<\/div>\n\t\t\t\t\t<\/div>\n\t\t\t\t<\/div>\n\t\t\t\t<\/div>\n\t\t","protected":false},"excerpt":{"rendered":"<p>Feuchtigkeit im Hochbau ist ein weitl&auml;ufiger Begriff. Feuchtigkeit kann entstehen, wenn: eine unzureichende Bauteildichtigkeit oder unzureichende Abdichtungsmassnahmen vorliegen (z.B. fehlendes Fensterband) es im Geb&auml;ude zur &Uuml;bers&auml;ttigung an oder im Bauteil kommt (z.B. falsches Nutzerverhalten, Sommerkondensation etc.) Sch&auml;den oder M&auml;ngel zum Wasseraustritt oder Wassereintritt f&uuml;hren (z.B. defekter Ablaufanschluss) Es gibt verschiedene Arten, Feuchtigkeit messtechnisch zu erfassen: [&hellip;]<\/p>\n","protected":false},"author":1,"featured_media":0,"parent":0,"menu_order":0,"comment_status":"closed","ping_status":"closed","template":"","meta":{"advanced_seo_description":"","jetpack_seo_html_title":"","jetpack_seo_noindex":false,"ocean_post_layout":"","ocean_both_sidebars_style":"","ocean_both_sidebars_content_width":0,"ocean_both_sidebars_sidebars_width":0,"ocean_sidebar":"0","ocean_second_sidebar":"0","ocean_disable_margins":"enable","ocean_add_body_class":"","ocean_shortcode_before_top_bar":"","ocean_shortcode_after_top_bar":"","ocean_shortcode_before_header":"","ocean_shortcode_after_header":"","ocean_has_shortcode":"","ocean_shortcode_after_title":"","ocean_shortcode_before_footer_widgets":"","ocean_shortcode_after_footer_widgets":"","ocean_shortcode_before_footer_bottom":"","ocean_shortcode_after_footer_bottom":"","ocean_display_top_bar":"default","ocean_display_header":"default","ocean_header_style":"","ocean_center_header_left_menu":"0","ocean_custom_header_template":"0","ocean_custom_logo":0,"ocean_custom_retina_logo":0,"ocean_custom_logo_max_width":0,"ocean_custom_logo_tablet_max_width":0,"ocean_custom_logo_mobile_max_width":0,"ocean_custom_logo_max_height":0,"ocean_custom_logo_tablet_max_height":0,"ocean_custom_logo_mobile_max_height":0,"ocean_header_custom_menu":"0","ocean_menu_typo_font_family":"0","ocean_menu_typo_font_subset":"","ocean_menu_typo_font_size":0,"ocean_menu_typo_font_size_tablet":0,"ocean_menu_typo_font_size_mobile":0,"ocean_menu_typo_font_size_unit":"px","ocean_menu_typo_font_weight":"","ocean_menu_typo_font_weight_tablet":"","ocean_menu_typo_font_weight_mobile":"","ocean_menu_typo_transform":"","ocean_menu_typo_transform_tablet":"","ocean_menu_typo_transform_mobile":"","ocean_menu_typo_line_height":0,"ocean_menu_typo_line_height_tablet":0,"ocean_menu_typo_line_height_mobile":0,"ocean_menu_typo_line_height_unit":"","ocean_menu_typo_spacing":0,"ocean_menu_typo_spacing_tablet":0,"ocean_menu_typo_spacing_mobile":0,"ocean_menu_typo_spacing_unit":"","ocean_menu_link_color":"","ocean_menu_link_color_hover":"","ocean_menu_link_color_active":"","ocean_menu_link_background":"","ocean_menu_link_hover_background":"","ocean_menu_link_active_background":"","ocean_menu_social_links_bg":"","ocean_menu_social_hover_links_bg":"","ocean_menu_social_links_color":"","ocean_menu_social_hover_links_color":"","ocean_disable_title":"default","ocean_disable_heading":"default","ocean_post_title":"","ocean_post_subheading":"","ocean_post_title_style":"","ocean_post_title_background_color":"","ocean_post_title_background":0,"ocean_post_title_bg_image_position":"","ocean_post_title_bg_image_attachment":"","ocean_post_title_bg_image_repeat":"","ocean_post_title_bg_image_size":"","ocean_post_title_height":0,"ocean_post_title_bg_overlay":0.5,"ocean_post_title_bg_overlay_color":"","ocean_disable_breadcrumbs":"default","ocean_breadcrumbs_color":"","ocean_breadcrumbs_separator_color":"","ocean_breadcrumbs_links_color":"","ocean_breadcrumbs_links_hover_color":"","ocean_display_footer_widgets":"default","ocean_display_footer_bottom":"default","ocean_custom_footer_template":"0","footnotes":""},"class_list":["post-551","page","type-page","status-publish","hentry","entry"],"jetpack_sharing_enabled":true,"_links":{"self":[{"href":"https:\/\/www.gebaeudeanalyse-felder.ch\/index.php?rest_route=\/wp\/v2\/pages\/551","targetHints":{"allow":["GET"]}}],"collection":[{"href":"https:\/\/www.gebaeudeanalyse-felder.ch\/index.php?rest_route=\/wp\/v2\/pages"}],"about":[{"href":"https:\/\/www.gebaeudeanalyse-felder.ch\/index.php?rest_route=\/wp\/v2\/types\/page"}],"author":[{"embeddable":true,"href":"https:\/\/www.gebaeudeanalyse-felder.ch\/index.php?rest_route=\/wp\/v2\/users\/1"}],"replies":[{"embeddable":true,"href":"https:\/\/www.gebaeudeanalyse-felder.ch\/index.php?rest_route=%2Fwp%2Fv2%2Fcomments&post=551"}],"version-history":[{"count":4,"href":"https:\/\/www.gebaeudeanalyse-felder.ch\/index.php?rest_route=\/wp\/v2\/pages\/551\/revisions"}],"predecessor-version":[{"id":1040,"href":"https:\/\/www.gebaeudeanalyse-felder.ch\/index.php?rest_route=\/wp\/v2\/pages\/551\/revisions\/1040"}],"wp:attachment":[{"href":"https:\/\/www.gebaeudeanalyse-felder.ch\/index.php?rest_route=%2Fwp%2Fv2%2Fmedia&parent=551"}],"curies":[{"name":"wp","href":"https:\/\/api.w.org\/{rel}","templated":true}]}}